{"id":1768,"date":"2023-04-23T10:26:33","date_gmt":"2023-04-23T10:26:33","guid":{"rendered":"https:\/\/lesulky.com\/?page_id=1768"},"modified":"2023-11-08T22:05:51","modified_gmt":"2023-11-08T22:05:51","slug":"soirees-a-epinal","status":"publish","type":"page","link":"https:\/\/lesulky.com\/en\/soirees-a-epinal\/","title":{"rendered":"Event"},"content":{"rendered":"<div data-elementor-type=\"wp-page\" data-elementor-id=\"1768\" class=\"elementor elementor-1768\" data-elementor-post-type=\"page\">\n\t\t\t\t<div class=\"elementor-element elementor-element-adfe0f1 e-flex e-con-boxed e-con e-parent\" data-id=\"adfe0f1\" data-element_type=\"container\" data-e-type=\"container\">\n\t\t\t\t\t<div class=\"e-con-inner\">\n\t\t\t\t<div class=\"elementor-element elementor-element-b370168 elementor-widget elementor-widget-heading\" data-id=\"b370168\" data-element_type=\"widget\" data-e-type=\"widget\" data-widget_type=\"heading.default\">\n\t\t\t\t<div class=\"elementor-widget-container\">\n\t\t\t\t\t<h1 class=\"elementor-heading-title elementor-size-default\">Events and concerts at Sulky Bar \u00c9pinal<\/h1>\t\t\t\t<\/div>\n\t\t\t\t<\/div>\n\t\t\t\t\t<\/div>\n\t\t\t\t<\/div>\n\t\t<div class=\"elementor-element elementor-element-4c1edd3 e-flex e-con-boxed e-con e-parent\" data-id=\"4c1edd3\" data-element_type=\"container\" data-e-type=\"container\">\n\t\t\t\t\t<div class=\"e-con-inner\">\n\t\t<div class=\"elementor-element elementor-element-8e1462e e-con-full e-flex e-con e-child\" data-id=\"8e1462e\" data-element_type=\"container\" data-e-type=\"container\">\n\t\t\t\t<div class=\"elementor-element elementor-element-47dc1f2 elementor-widget elementor-widget-heading\" data-id=\"47dc1f2\" data-element_type=\"widget\" data-e-type=\"widget\" data-widget_type=\"heading.default\">\n\t\t\t\t<div class=\"elementor-widget-container\">\n\t\t\t\t\t<h2 class=\"elementor-heading-title elementor-size-default\">Halloween party for friends<\/h2>\t\t\t\t<\/div>\n\t\t\t\t<\/div>\n\t\t\t\t<div class=\"elementor-element elementor-element-20b62b9 elementor-widget elementor-widget-text-editor\" data-id=\"20b62b9\" data-element_type=\"widget\" data-e-type=\"widget\" data-widget_type=\"text-editor.default\">\n\t\t\t\t<div class=\"elementor-widget-container\">\n\t\t\t\t\t\t\t\t\t<p>Hi friends ! Next Tuesday, October 31 (and not September 31), after a week of vacation, we come back in great shape for the most terrifying Halloween evening of the year! To liven up the evening and give you chills, \u201cToy Breakers\u201d will be in charge! Prepare your best costumes, let your imagination run wild, and above all, scare us.\u00a0<\/p>\t\t\t\t\t\t\t\t<\/div>\n\t\t\t\t<\/div>\n\t\t\t\t<\/div>\n\t\t<div class=\"elementor-element elementor-element-6f82435 e-con-full e-flex e-con e-child\" data-id=\"6f82435\" data-element_type=\"container\" data-e-type=\"container\" data-settings=\"{&quot;background_background&quot;:&quot;classic&quot;}\">\n\t\t\t\t<div class=\"elementor-element elementor-element-ddd38f3 elementor-widget elementor-widget-shortcode\" data-id=\"ddd38f3\" data-element_type=\"widget\" data-e-type=\"widget\" data-widget_type=\"shortcode.default\">\n\t\t\t\t<div class=\"elementor-widget-container\">\n\t\t\t\t\t\t\t<div class=\"elementor-shortcode\"><iframe src=\"https:\/\/www.facebook.com\/plugins\/post.php?href=https%3A%2F%2Fwww.facebook.com%2Fpermalink.php%3Fstory_fbid%3Dpfbid02h1xSPee1sGt82rhLWcSXqu17P9BrXPAP6SYPaiyKiaoqsGnEmpHdgGPCBgfdjDfFl%26id%3D100075960371927&show_text=true&width=500\" width=\"500\" height=\"686\" style=\"border:none;overflow:hidden\" scrolling=\"no\" frameborder=\"0\" allowfullscreen=\"true\" allow=\"autoplay; clipboard-write; encrypted-media; picture-in-picture; web-share\"><\/iframe><\/div>\n\t\t\t\t\t\t<\/div>\n\t\t\t\t<\/div>\n\t\t\t\t<\/div>\n\t\t\t\t\t<\/div>\n\t\t\t\t<\/div>\n\t\t<div class=\"elementor-element elementor-element-43ba1f5 e-flex e-con-boxed e-con e-parent\" data-id=\"43ba1f5\" data-element_type=\"container\" data-e-type=\"container\">\n\t\t\t\t\t<div class=\"e-con-inner\">\n\t\t<div class=\"elementor-element elementor-element-f1ffd29 e-con-full e-flex e-con e-child\" data-id=\"f1ffd29\" data-element_type=\"container\" data-e-type=\"container\">\n\t\t\t\t<div class=\"elementor-element elementor-element-9f07e4f elementor-widget elementor-widget-shortcode\" data-id=\"9f07e4f\" data-element_type=\"widget\" data-e-type=\"widget\" data-widget_type=\"shortcode.default\">\n\t\t\t\t<div class=\"elementor-widget-container\">\n\t\t\t\t\t\t\t<div class=\"elementor-shortcode\"><iframe src=\"https:\/\/www.facebook.com\/plugins\/post.php?href=https%3A%2F%2Fwww.facebook.com%2Fpermalink.php%3Fstory_fbid%3Dpfbid0XZYU19cQE25Ce5Kt1RkCmRP1ayfJrK1QW4fnHdTrAiRYcUMi4LX21kxmTQF9Bg52l%26id%3D100075960371927&show_text=true&width=500\" width=\"500\" height=\"498\" style=\"border:none;overflow:hidden\" scrolling=\"no\" frameborder=\"0\" allowfullscreen=\"true\" allow=\"autoplay; clipboard-write; encrypted-media; picture-in-picture; web-share\"><\/iframe><\/div>\n\t\t\t\t\t\t<\/div>\n\t\t\t\t<\/div>\n\t\t\t\t<\/div>\n\t\t<div class=\"elementor-element elementor-element-3cc2911 e-con-full e-flex e-con e-child\" data-id=\"3cc2911\" data-element_type=\"container\" data-e-type=\"container\">\n\t\t\t\t<div class=\"elementor-element elementor-element-f827d1a elementor-widget elementor-widget-heading\" data-id=\"f827d1a\" data-element_type=\"widget\" data-e-type=\"widget\" data-widget_type=\"heading.default\">\n\t\t\t\t<div class=\"elementor-widget-container\">\n\t\t\t\t\t<h2 class=\"elementor-heading-title elementor-size-default\">Evening of the music festival in \u00c9pinal<\/h2>\t\t\t\t<\/div>\n\t\t\t\t<\/div>\n\t\t\t\t<div class=\"elementor-element elementor-element-473a2b3 elementor-widget elementor-widget-text-editor\" data-id=\"473a2b3\" data-element_type=\"widget\" data-e-type=\"widget\" data-widget_type=\"text-editor.default\">\n\t\t\t\t<div class=\"elementor-widget-container\">\n\t\t\t\t\t\t\t\t\t<p>Come and experience an unforgettable evening at the Sulky Bar \u00c9pinal during the celebration of the F\u00eate de la Musique. In partnership with the restaurants and bars of rue des Petites Boucheries, we have prepared a captivating program from 8 p.m. to 1 a.m.<\/p>\t\t\t\t\t\t\t\t<\/div>\n\t\t\t\t<\/div>\n\t\t\t\t<\/div>\n\t\t\t\t\t<\/div>\n\t\t\t\t<\/div>\n\t\t<div class=\"elementor-element elementor-element-499c0cf e-flex e-con-boxed e-con e-parent\" data-id=\"499c0cf\" data-element_type=\"container\" data-e-type=\"container\">\n\t\t\t\t\t<div class=\"e-con-inner\">\n\t\t<div class=\"elementor-element elementor-element-196d120 e-con-full e-flex e-con e-child\" data-id=\"196d120\" data-element_type=\"container\" data-e-type=\"container\">\n\t\t\t\t<div class=\"elementor-element elementor-element-d0288f0 elementor-widget elementor-widget-shortcode\" data-id=\"d0288f0\" data-element_type=\"widget\" data-e-type=\"widget\" data-widget_type=\"shortcode.default\">\n\t\t\t\t<div class=\"elementor-widget-container\">\n\t\t\t\t\t\t\t<div class=\"elementor-shortcode\"><iframe src=\"https:\/\/www.facebook.com\/plugins\/post.php?href=https%3A%2F%2Fwww.facebook.com%2Fpermalink.php%3Fstory_fbid%3Dpfbid02brWa15T92aqpuTV7NypLNJVbEduumc2T8MLUFYS8bUAEQwSM5uXutkD3PjkNMn34l%26id%3D100075960371927&show_text=true&width=500\" width=\"500\" height=\"555\" style=\"border:none;overflow:hidden\" scrolling=\"no\" frameborder=\"0\" allowfullscreen=\"true\" allow=\"autoplay; clipboard-write; encrypted-media; picture-in-picture; web-share\"><\/iframe><\/div>\n\t\t\t\t\t\t<\/div>\n\t\t\t\t<\/div>\n\t\t\t\t<\/div>\n\t\t\t\t\t<\/div>\n\t\t\t\t<\/div>\n\t\t\t\t<\/div>","protected":false},"excerpt":{"rendered":"<p>\u00c9v\u00e9nements et concerts au Sulky Bar \u00c9pinal Soir\u00e9e d&rsquo;Haloween des copains Salut les amis ! Mardi prochain, le 31 octobre (et non le 31 septembre), apr\u00e8s une semaine de vacances, on revient en pleine forme pour la soir\u00e9e d&rsquo;Halloween la plus terrifiante de l&rsquo;ann\u00e9e ! Pour animer la soir\u00e9e et vous donner des frissons, \u00ab\u00a0Toy [&hellip;]<\/p>\n","protected":false},"author":1,"featured_media":0,"parent":0,"menu_order":0,"comment_status":"closed","ping_status":"closed","template":"","meta":{"site-sidebar-layout":"no-sidebar","site-content-layout":"page-builder","ast-site-content-layout":"","site-content-style":"default","site-sidebar-style":"default","ast-global-header-display":"","ast-banner-title-visibility":"","ast-main-header-display":"","ast-hfb-above-header-display":"","ast-hfb-below-header-display":"","ast-hfb-mobile-header-display":"","site-post-title":"disabled","ast-breadcrumbs-content":"","ast-featured-img":"disabled","footer-sml-layout":"","theme-transparent-header-meta":"","adv-header-id-meta":"","stick-header-meta":"","header-above-stick-meta":"","header-main-stick-meta":"","header-below-stick-meta":"","astra-migrate-meta-layouts":"default","ast-page-background-enabled":"default","ast-page-background-meta":{"desktop":{"background-color":"","background-image":"","background-repeat":"repeat","background-position":"center center","background-size":"auto","background-attachment":"scroll","background-type":"","background-media":"","overlay-type":"","overlay-color":"","overlay-opacity":"","overlay-gradient":""},"tablet":{"background-color":"","background-image":"","background-repeat":"repeat","background-position":"center center","background-size":"auto","background-attachment":"scroll","background-type":"","background-media":"","overlay-type":"","overlay-color":"","overlay-opacity":"","overlay-gradient":""},"mobile":{"background-color":"","background-image":"","background-repeat":"repeat","background-position":"center center","background-size":"auto","background-attachment":"scroll","background-type":"","background-media":"","overlay-type":"","overlay-color":"","overlay-opacity":"","overlay-gradient":""}},"ast-content-background-meta":{"desktop":{"background-color":"var(--ast-global-color-5)","background-image":"","background-repeat":"repeat","background-position":"center center","background-size":"auto","background-attachment":"scroll","background-type":"","background-media":"","overlay-type":"","overlay-color":"","overlay-opacity":"","overlay-gradient":""},"tablet":{"background-color":"var(--ast-global-color-5)","background-image":"","background-repeat":"repeat","background-position":"center center","background-size":"auto","background-attachment":"scroll","background-type":"","background-media":"","overlay-type":"","overlay-color":"","overlay-opacity":"","overlay-gradient":""},"mobile":{"background-color":"var(--ast-global-color-5)","background-image":"","background-repeat":"repeat","background-position":"center center","background-size":"auto","background-attachment":"scroll","background-type":"","background-media":"","overlay-type":"","overlay-color":"","overlay-opacity":"","overlay-gradient":""}},"footnotes":""},"class_list":["post-1768","page","type-page","status-publish","hentry"],"yoast_head":"<!-- This site is optimized with the Yoast SEO plugin v27.4 - https:\/\/yoast.com\/product\/yoast-seo-wordpress\/ -->\n<title>Soir\u00e9es \u00e0 \u00c9pinal - D\u00e9couvrez les \u00e9v\u00e9nements organis\u00e9s au bar<\/title>\n<meta name=\"description\" content=\"D\u00e9couvrez les soir\u00e9es organis\u00e9es au bar \u00e0 \u00c9pinal ! Des \u00e9v\u00e9nements pour tous les go\u00fbts, dans une ambiance festive et conviviale.\" \/>\n<meta name=\"robots\" content=\"index, follow, max-snippet:-1, max-image-preview:large, max-video-preview:-1\" \/>\n<link rel=\"canonical\" href=\"https:\/\/lesulky.com\/en\/soirees-a-epinal\/\" \/>\n<meta property=\"og:locale\" content=\"en_GB\" \/>\n<meta property=\"og:type\" content=\"article\" \/>\n<meta property=\"og:title\" content=\"Soir\u00e9es \u00e0 \u00c9pinal - D\u00e9couvrez les \u00e9v\u00e9nements organis\u00e9s au bar\" \/>\n<meta property=\"og:description\" content=\"D\u00e9couvrez les soir\u00e9es organis\u00e9es au bar \u00e0 \u00c9pinal ! Des \u00e9v\u00e9nements pour tous les go\u00fbts, dans une ambiance festive et conviviale.\" \/>\n<meta property=\"og:url\" content=\"https:\/\/lesulky.com\/en\/soirees-a-epinal\/\" \/>\n<meta property=\"og:site_name\" content=\"LE SULKY\" \/>\n<meta property=\"article:publisher\" content=\"https:\/\/www.facebook.com\/profile.php?id=100075960371927\" \/>\n<meta property=\"article:modified_time\" content=\"2023-11-08T22:05:51+00:00\" \/>\n<meta name=\"twitter:card\" content=\"summary_large_image\" \/>\n<meta name=\"twitter:label1\" content=\"Estimated reading time\" \/>\n\t<meta name=\"twitter:data1\" content=\"1 minute\" \/>\n<script type=\"application\/ld+json\" class=\"yoast-schema-graph\">{\"@context\":\"https:\\\/\\\/schema.org\",\"@graph\":[{\"@type\":\"WebPage\",\"@id\":\"https:\\\/\\\/lesulky.com\\\/soirees-a-epinal\\\/\",\"url\":\"https:\\\/\\\/lesulky.com\\\/soirees-a-epinal\\\/\",\"name\":\"Soir\u00e9es \u00e0 \u00c9pinal - D\u00e9couvrez les \u00e9v\u00e9nements organis\u00e9s au bar\",\"isPartOf\":{\"@id\":\"https:\\\/\\\/lesulky.com\\\/#website\"},\"datePublished\":\"2023-04-23T10:26:33+00:00\",\"dateModified\":\"2023-11-08T22:05:51+00:00\",\"description\":\"D\u00e9couvrez les soir\u00e9es organis\u00e9es au bar \u00e0 \u00c9pinal ! Des \u00e9v\u00e9nements pour tous les go\u00fbts, dans une ambiance festive et conviviale.\",\"breadcrumb\":{\"@id\":\"https:\\\/\\\/lesulky.com\\\/soirees-a-epinal\\\/#breadcrumb\"},\"inLanguage\":\"en-GB\",\"potentialAction\":[{\"@type\":\"ReadAction\",\"target\":[\"https:\\\/\\\/lesulky.com\\\/soirees-a-epinal\\\/\"]}]},{\"@type\":\"BreadcrumbList\",\"@id\":\"https:\\\/\\\/lesulky.com\\\/soirees-a-epinal\\\/#breadcrumb\",\"itemListElement\":[{\"@type\":\"ListItem\",\"position\":1,\"name\":\"Home\",\"item\":\"https:\\\/\\\/lesulky.com\\\/\"},{\"@type\":\"ListItem\",\"position\":2,\"name\":\"Evenement\"}]},{\"@type\":\"WebSite\",\"@id\":\"https:\\\/\\\/lesulky.com\\\/#website\",\"url\":\"https:\\\/\\\/lesulky.com\\\/\",\"name\":\"Le Sulky Bar\",\"description\":\"Bar \u00e0 \u00c9pinal\",\"publisher\":{\"@id\":\"https:\\\/\\\/lesulky.com\\\/#organization\"},\"alternateName\":\"Sulky\",\"potentialAction\":[{\"@type\":\"SearchAction\",\"target\":{\"@type\":\"EntryPoint\",\"urlTemplate\":\"https:\\\/\\\/lesulky.com\\\/?s={search_term_string}\"},\"query-input\":{\"@type\":\"PropertyValueSpecification\",\"valueRequired\":true,\"valueName\":\"search_term_string\"}}],\"inLanguage\":\"en-GB\"},{\"@type\":\"Organization\",\"@id\":\"https:\\\/\\\/lesulky.com\\\/#organization\",\"name\":\"Le Sulky Bar\",\"url\":\"https:\\\/\\\/lesulky.com\\\/\",\"logo\":{\"@type\":\"ImageObject\",\"inLanguage\":\"en-GB\",\"@id\":\"https:\\\/\\\/lesulky.com\\\/#\\\/schema\\\/logo\\\/image\\\/\",\"url\":\"https:\\\/\\\/lesulky.com\\\/wp-content\\\/uploads\\\/2023\\\/04\\\/beer-glass-1.svg\",\"contentUrl\":\"https:\\\/\\\/lesulky.com\\\/wp-content\\\/uploads\\\/2023\\\/04\\\/beer-glass-1.svg\",\"width\":64,\"height\":64,\"caption\":\"Le Sulky Bar\"},\"image\":{\"@id\":\"https:\\\/\\\/lesulky.com\\\/#\\\/schema\\\/logo\\\/image\\\/\"},\"sameAs\":[\"https:\\\/\\\/www.facebook.com\\\/profile.php?id=100075960371927\"]}]}<\/script>\n<!-- \/ Yoast SEO plugin. -->","yoast_head_json":{"title":"Soir\u00e9es \u00e0 \u00c9pinal - D\u00e9couvrez les \u00e9v\u00e9nements organis\u00e9s au bar","description":"D\u00e9couvrez les soir\u00e9es organis\u00e9es au bar \u00e0 \u00c9pinal ! Des \u00e9v\u00e9nements pour tous les go\u00fbts, dans une ambiance festive et conviviale.","robots":{"index":"index","follow":"follow","max-snippet":"max-snippet:-1","max-image-preview":"max-image-preview:large","max-video-preview":"max-video-preview:-1"},"canonical":"https:\/\/lesulky.com\/en\/soirees-a-epinal\/","og_locale":"en_GB","og_type":"article","og_title":"Soir\u00e9es \u00e0 \u00c9pinal - D\u00e9couvrez les \u00e9v\u00e9nements organis\u00e9s au bar","og_description":"D\u00e9couvrez les soir\u00e9es organis\u00e9es au bar \u00e0 \u00c9pinal ! Des \u00e9v\u00e9nements pour tous les go\u00fbts, dans une ambiance festive et conviviale.","og_url":"https:\/\/lesulky.com\/en\/soirees-a-epinal\/","og_site_name":"LE SULKY","article_publisher":"https:\/\/www.facebook.com\/profile.php?id=100075960371927","article_modified_time":"2023-11-08T22:05:51+00:00","twitter_card":"summary_large_image","twitter_misc":{"Estimated reading time":"1 minute"},"schema":{"@context":"https:\/\/schema.org","@graph":[{"@type":"WebPage","@id":"https:\/\/lesulky.com\/soirees-a-epinal\/","url":"https:\/\/lesulky.com\/soirees-a-epinal\/","name":"Soir\u00e9es \u00e0 \u00c9pinal - D\u00e9couvrez les \u00e9v\u00e9nements organis\u00e9s au bar","isPartOf":{"@id":"https:\/\/lesulky.com\/#website"},"datePublished":"2023-04-23T10:26:33+00:00","dateModified":"2023-11-08T22:05:51+00:00","description":"D\u00e9couvrez les soir\u00e9es organis\u00e9es au bar \u00e0 \u00c9pinal ! Des \u00e9v\u00e9nements pour tous les go\u00fbts, dans une ambiance festive et conviviale.","breadcrumb":{"@id":"https:\/\/lesulky.com\/soirees-a-epinal\/#breadcrumb"},"inLanguage":"en-GB","potentialAction":[{"@type":"ReadAction","target":["https:\/\/lesulky.com\/soirees-a-epinal\/"]}]},{"@type":"BreadcrumbList","@id":"https:\/\/lesulky.com\/soirees-a-epinal\/#breadcrumb","itemListElement":[{"@type":"ListItem","position":1,"name":"Home","item":"https:\/\/lesulky.com\/"},{"@type":"ListItem","position":2,"name":"Evenement"}]},{"@type":"WebSite","@id":"https:\/\/lesulky.com\/#website","url":"https:\/\/lesulky.com\/","name":"Le Sulky Bar","description":"Bar in Epinal","publisher":{"@id":"https:\/\/lesulky.com\/#organization"},"alternateName":"Sulky","potentialAction":[{"@type":"SearchAction","target":{"@type":"EntryPoint","urlTemplate":"https:\/\/lesulky.com\/?s={search_term_string}"},"query-input":{"@type":"PropertyValueSpecification","valueRequired":true,"valueName":"search_term_string"}}],"inLanguage":"en-GB"},{"@type":"Organization","@id":"https:\/\/lesulky.com\/#organization","name":"Le Sulky Bar","url":"https:\/\/lesulky.com\/","logo":{"@type":"ImageObject","inLanguage":"en-GB","@id":"https:\/\/lesulky.com\/#\/schema\/logo\/image\/","url":"https:\/\/lesulky.com\/wp-content\/uploads\/2023\/04\/beer-glass-1.svg","contentUrl":"https:\/\/lesulky.com\/wp-content\/uploads\/2023\/04\/beer-glass-1.svg","width":64,"height":64,"caption":"Le Sulky Bar"},"image":{"@id":"https:\/\/lesulky.com\/#\/schema\/logo\/image\/"},"sameAs":["https:\/\/www.facebook.com\/profile.php?id=100075960371927"]}]}},"_links":{"self":[{"href":"https:\/\/lesulky.com\/en\/wp-json\/wp\/v2\/pages\/1768","targetHints":{"allow":["GET"]}}],"collection":[{"href":"https:\/\/lesulky.com\/en\/wp-json\/wp\/v2\/pages"}],"about":[{"href":"https:\/\/lesulky.com\/en\/wp-json\/wp\/v2\/types\/page"}],"author":[{"embeddable":true,"href":"https:\/\/lesulky.com\/en\/wp-json\/wp\/v2\/users\/1"}],"replies":[{"embeddable":true,"href":"https:\/\/lesulky.com\/en\/wp-json\/wp\/v2\/comments?post=1768"}],"version-history":[{"count":31,"href":"https:\/\/lesulky.com\/en\/wp-json\/wp\/v2\/pages\/1768\/revisions"}],"predecessor-version":[{"id":2383,"href":"https:\/\/lesulky.com\/en\/wp-json\/wp\/v2\/pages\/1768\/revisions\/2383"}],"wp:attachment":[{"href":"https:\/\/lesulky.com\/en\/wp-json\/wp\/v2\/media?parent=1768"}],"curies":[{"name":"wp","href":"https:\/\/api.w.org\/{rel}","templated":true}]}}