{"id":1772,"date":"2023-04-23T10:26:59","date_gmt":"2023-04-23T10:26:59","guid":{"rendered":"https:\/\/lesulky.com\/?page_id=1772"},"modified":"2023-10-24T07:14:49","modified_gmt":"2023-10-24T07:14:49","slug":"bar-convivial-epinal","status":"publish","type":"page","link":"https:\/\/lesulky.com\/en\/bar-convivial-epinal\/","title":{"rendered":"About us"},"content":{"rendered":"<div data-elementor-type=\"wp-page\" data-elementor-id=\"1772\" class=\"elementor elementor-1772\" data-elementor-post-type=\"page\">\n\t\t\t\t<div class=\"elementor-element elementor-element-f23112b e-flex e-con-boxed e-con e-parent\" data-id=\"f23112b\" data-element_type=\"container\" data-e-type=\"container\" data-settings=\"{&quot;background_background&quot;:&quot;classic&quot;}\">\n\t\t\t\t\t<div class=\"e-con-inner\">\n\t\t<div class=\"elementor-element elementor-element-500e07a e-con-full e-flex e-con e-child\" data-id=\"500e07a\" data-element_type=\"container\" data-e-type=\"container\">\n\t\t\t\t<div class=\"elementor-element elementor-element-cb01fde elementor-invisible elementor-widget elementor-widget-heading\" data-id=\"cb01fde\" data-element_type=\"widget\" data-e-type=\"widget\" data-settings=\"{&quot;_animation&quot;:&quot;fadeIn&quot;}\" data-widget_type=\"heading.default\">\n\t\t\t\t<div class=\"elementor-widget-container\">\n\t\t\t\t\t<h2 class=\"elementor-heading-title elementor-size-default\">The Sulky Bar in \u00c9pinal is...<\/h2>\t\t\t\t<\/div>\n\t\t\t\t<\/div>\n\t\t\t\t<div class=\"elementor-element elementor-element-7a03a68 elementor-invisible elementor-widget elementor-widget-text-editor\" data-id=\"7a03a68\" data-element_type=\"widget\" data-e-type=\"widget\" data-settings=\"{&quot;_animation&quot;:&quot;fadeIn&quot;,&quot;_animation_delay&quot;:200}\" data-widget_type=\"text-editor.default\">\n\t\t\t\t<div class=\"elementor-widget-container\">\n\t\t\t\t\t\t\t\t\t<p><span style=\"font-weight: 400;\">Dawn, Jeremy, Valentin, and Djordan welcome you from Wednesday to Sunday with a smile and good humor in a b<\/span><span style=\"text-align: var(--text-align);\">ar friendly in \u00c9pinal.<\/span><\/p><p><span style=\"font-weight: 400;\">Whether you are looking for a place to have a drink after work, to share a good time with friends or to have a good evening, the Sulky universe is there just for that. \u00a0<\/span><\/p>\t\t\t\t\t\t\t\t<\/div>\n\t\t\t\t<\/div>\n\t\t\t\t<\/div>\n\t\t<div class=\"elementor-element elementor-element-0f8ab35 e-con-full e-flex e-con e-child\" data-id=\"0f8ab35\" data-element_type=\"container\" data-e-type=\"container\">\n\t\t\t\t<div class=\"elementor-element elementor-element-2ac23e4 elementor-invisible elementor-widget elementor-widget-image\" data-id=\"2ac23e4\" data-element_type=\"widget\" data-e-type=\"widget\" data-settings=\"{&quot;_animation&quot;:&quot;fadeIn&quot;,&quot;_animation_delay&quot;:300}\" data-widget_type=\"image.default\">\n\t\t\t\t<div class=\"elementor-widget-container\">\n\t\t\t\t\t\t\t\t\t\t\t\t\t\t\t<img fetchpriority=\"high\" decoding=\"async\" width=\"768\" height=\"432\" src=\"https:\/\/lesulky.com\/wp-content\/uploads\/2023\/04\/Le-sulky-about-us-768x432.jpeg\" class=\"attachment-medium_large size-medium_large wp-image-1899\" alt=\"Bar \u00e0 \u00c9pinal\" srcset=\"https:\/\/lesulky.com\/wp-content\/uploads\/2023\/04\/Le-sulky-about-us-768x432.jpeg 768w, https:\/\/lesulky.com\/wp-content\/uploads\/2023\/04\/Le-sulky-about-us-300x169.jpeg 300w, https:\/\/lesulky.com\/wp-content\/uploads\/2023\/04\/Le-sulky-about-us.jpeg 960w\" sizes=\"(max-width: 768px) 100vw, 768px\" \/>\t\t\t\t\t\t\t\t\t\t\t\t\t\t\t<\/div>\n\t\t\t\t<\/div>\n\t\t\t\t<\/div>\n\t\t\t\t\t<\/div>\n\t\t\t\t<\/div>\n\t\t<div class=\"elementor-element elementor-element-a49c12a e-flex e-con-boxed e-con e-parent\" data-id=\"a49c12a\" data-element_type=\"container\" data-e-type=\"container\" data-settings=\"{&quot;background_background&quot;:&quot;classic&quot;}\">\n\t\t\t\t\t<div class=\"e-con-inner\">\n\t\t<div class=\"elementor-element elementor-element-d95cc51 e-con-full e-flex e-con e-child\" data-id=\"d95cc51\" data-element_type=\"container\" data-e-type=\"container\">\n\t\t\t\t<div class=\"elementor-element elementor-element-c2c034b elementor-invisible elementor-widget elementor-widget-heading\" data-id=\"c2c034b\" data-element_type=\"widget\" data-e-type=\"widget\" data-settings=\"{&quot;_animation&quot;:&quot;fadeIn&quot;,&quot;_animation_delay&quot;:400}\" data-widget_type=\"heading.default\">\n\t\t\t\t<div class=\"elementor-widget-container\">\n\t\t\t\t\t<h3 class=\"elementor-heading-title elementor-size-default\">A festive atmosphere<\/h3>\t\t\t\t<\/div>\n\t\t\t\t<\/div>\n\t\t\t\t<div class=\"elementor-element elementor-element-72051d3 elementor-invisible elementor-widget elementor-widget-text-editor\" data-id=\"72051d3\" data-element_type=\"widget\" data-e-type=\"widget\" data-settings=\"{&quot;_animation&quot;:&quot;fadeIn&quot;,&quot;_animation_delay&quot;:500}\" data-widget_type=\"text-editor.default\">\n\t\t\t\t<div class=\"elementor-widget-container\">\n\t\t\t\t\t\t\t\t\t<p>At Sulky we love to party and host fun events for all our guests. You are sure to find a welcoming, festive and warm atmosphere. We organize live concerts for all tastes and genres. Check our events page to find out more.<\/p>\t\t\t\t\t\t\t\t<\/div>\n\t\t\t\t<\/div>\n\t\t\t\t<\/div>\n\t\t<div class=\"elementor-element elementor-element-3caa968 e-con-full e-flex e-con e-child\" data-id=\"3caa968\" data-element_type=\"container\" data-e-type=\"container\">\n\t\t\t\t<div class=\"elementor-element elementor-element-104bb4e elementor-invisible elementor-widget elementor-widget-image\" data-id=\"104bb4e\" data-element_type=\"widget\" data-e-type=\"widget\" data-settings=\"{&quot;_animation&quot;:&quot;fadeIn&quot;,&quot;_animation_delay&quot;:600}\" data-widget_type=\"image.default\">\n\t\t\t\t<div class=\"elementor-widget-container\">\n\t\t\t\t\t\t\t\t\t\t\t\t\t\t\t<img decoding=\"async\" width=\"960\" height=\"720\" src=\"https:\/\/lesulky.com\/wp-content\/uploads\/2023\/04\/Le-sulky-pub-2.jpeg\" class=\"attachment-large size-large wp-image-1818\" alt=\"Bar \u00e0 \u00c9pinal\" srcset=\"https:\/\/lesulky.com\/wp-content\/uploads\/2023\/04\/Le-sulky-pub-2.jpeg 960w, https:\/\/lesulky.com\/wp-content\/uploads\/2023\/04\/Le-sulky-pub-2-300x225.jpeg 300w, https:\/\/lesulky.com\/wp-content\/uploads\/2023\/04\/Le-sulky-pub-2-768x576.jpeg 768w\" sizes=\"(max-width: 960px) 100vw, 960px\" \/>\t\t\t\t\t\t\t\t\t\t\t\t\t\t\t<\/div>\n\t\t\t\t<\/div>\n\t\t\t\t<\/div>\n\t\t\t\t\t<\/div>\n\t\t\t\t<\/div>\n\t\t<div class=\"elementor-element elementor-element-220b449 e-flex e-con-boxed e-con e-parent\" data-id=\"220b449\" data-element_type=\"container\" data-e-type=\"container\" data-settings=\"{&quot;background_background&quot;:&quot;classic&quot;}\">\n\t\t\t\t\t<div class=\"e-con-inner\">\n\t\t<div class=\"elementor-element elementor-element-b73d9be e-con-full e-flex e-con e-child\" data-id=\"b73d9be\" data-element_type=\"container\" data-e-type=\"container\">\n\t\t\t\t<div class=\"elementor-element elementor-element-293919b elementor-invisible elementor-widget elementor-widget-heading\" data-id=\"293919b\" data-element_type=\"widget\" data-e-type=\"widget\" data-settings=\"{&quot;_animation&quot;:&quot;fadeIn&quot;,&quot;_animation_delay&quot;:0}\" data-widget_type=\"heading.default\">\n\t\t\t\t<div class=\"elementor-widget-container\">\n\t\t\t\t\t<h4 class=\"elementor-heading-title elementor-size-default\">A terrace in summer<\/h4>\t\t\t\t<\/div>\n\t\t\t\t<\/div>\n\t\t\t\t<div class=\"elementor-element elementor-element-70b55c9 elementor-invisible elementor-widget elementor-widget-text-editor\" data-id=\"70b55c9\" data-element_type=\"widget\" data-e-type=\"widget\" data-settings=\"{&quot;_animation&quot;:&quot;fadeIn&quot;,&quot;_animation_delay&quot;:200}\" data-widget_type=\"text-editor.default\">\n\t\t\t\t<div class=\"elementor-widget-container\">\n\t\t\t\t\t\t\t\t\t<p>When the beautiful days arrive, the friendly atmosphere of our bar continues on our terrace. Located right next to the Moselle, it is the ideal place to have a drink, enjoy a board and chat while enjoying the freshness of the water. Our team will be at your service until 8 p.m., you will then have to take your orders at the bar and will be able to enjoy the place until 1 hour.<\/p>\t\t\t\t\t\t\t\t<\/div>\n\t\t\t\t<\/div>\n\t\t\t\t<\/div>\n\t\t<div class=\"elementor-element elementor-element-04ef692 e-con-full e-flex e-con e-child\" data-id=\"04ef692\" data-element_type=\"container\" data-e-type=\"container\">\n\t\t\t\t<div class=\"elementor-element elementor-element-fc59b7b elementor-invisible elementor-widget elementor-widget-image\" data-id=\"fc59b7b\" data-element_type=\"widget\" data-e-type=\"widget\" data-settings=\"{&quot;_animation&quot;:&quot;fadeIn&quot;,&quot;_animation_delay&quot;:300}\" data-widget_type=\"image.default\">\n\t\t\t\t<div class=\"elementor-widget-container\">\n\t\t\t\t\t\t\t\t\t\t\t\t\t\t\t<img decoding=\"async\" width=\"1024\" height=\"768\" src=\"https:\/\/lesulky.com\/wp-content\/uploads\/2023\/04\/le-sulky-terrasse-1024x768.jpeg\" class=\"attachment-large size-large wp-image-1898\" alt=\"Terrasse Bar\" srcset=\"https:\/\/lesulky.com\/wp-content\/uploads\/2023\/04\/le-sulky-terrasse-1024x768.jpeg 1024w, https:\/\/lesulky.com\/wp-content\/uploads\/2023\/04\/le-sulky-terrasse-300x225.jpeg 300w, https:\/\/lesulky.com\/wp-content\/uploads\/2023\/04\/le-sulky-terrasse-768x576.jpeg 768w, https:\/\/lesulky.com\/wp-content\/uploads\/2023\/04\/le-sulky-terrasse-1536x1152.jpeg 1536w, https:\/\/lesulky.com\/wp-content\/uploads\/2023\/04\/le-sulky-terrasse.jpeg 2048w\" sizes=\"(max-width: 1024px) 100vw, 1024px\" \/>\t\t\t\t\t\t\t\t\t\t\t\t\t\t\t<\/div>\n\t\t\t\t<\/div>\n\t\t\t\t<\/div>\n\t\t\t\t\t<\/div>\n\t\t\t\t<\/div>\n\t\t<div class=\"elementor-element elementor-element-6e2856d e-flex e-con-boxed e-con e-parent\" data-id=\"6e2856d\" data-element_type=\"container\" data-e-type=\"container\" data-settings=\"{&quot;background_background&quot;:&quot;classic&quot;}\">\n\t\t\t\t\t<div class=\"e-con-inner\">\n\t\t<div class=\"elementor-element elementor-element-19506f5 e-con-full e-flex e-con e-child\" data-id=\"19506f5\" data-element_type=\"container\" data-e-type=\"container\">\n\t\t\t\t<div class=\"elementor-element elementor-element-4c027e7 elementor-invisible elementor-widget elementor-widget-heading\" data-id=\"4c027e7\" data-element_type=\"widget\" data-e-type=\"widget\" data-settings=\"{&quot;_animation&quot;:&quot;fadeIn&quot;,&quot;_animation_delay&quot;:400}\" data-widget_type=\"heading.default\">\n\t\t\t\t<div class=\"elementor-widget-container\">\n\t\t\t\t\t<h5 class=\"elementor-heading-title elementor-size-default\">A wide choice of drinks<\/h5>\t\t\t\t<\/div>\n\t\t\t\t<\/div>\n\t\t\t\t<div class=\"elementor-element elementor-element-f7c03b4 elementor-invisible elementor-widget elementor-widget-text-editor\" data-id=\"f7c03b4\" data-element_type=\"widget\" data-e-type=\"widget\" data-settings=\"{&quot;_animation&quot;:&quot;fadeIn&quot;,&quot;_animation_delay&quot;:500}\" data-widget_type=\"text-editor.default\">\n\t\t\t\t<div class=\"elementor-widget-container\">\n\t\t\t\t\t\t\t\t\t<p>At Sulky, we pride ourselves on offering a wide selection of drinks to suit all tastes. We have a wide choice of cocktails, beers and shooters, to satisfy all tastes for a successful festive evening.<\/p>\t\t\t\t\t\t\t\t<\/div>\n\t\t\t\t<\/div>\n\t\t\t\t<\/div>\n\t\t<div class=\"elementor-element elementor-element-d63c18d e-con-full e-flex e-con e-child\" data-id=\"d63c18d\" data-element_type=\"container\" data-e-type=\"container\">\n\t\t\t\t<div class=\"elementor-element elementor-element-dbfc25f elementor-invisible elementor-widget elementor-widget-image\" data-id=\"dbfc25f\" data-element_type=\"widget\" data-e-type=\"widget\" data-settings=\"{&quot;_animation&quot;:&quot;fadeIn&quot;,&quot;_animation_delay&quot;:600}\" data-widget_type=\"image.default\">\n\t\t\t\t<div class=\"elementor-widget-container\">\n\t\t\t\t\t\t\t\t\t\t\t\t\t\t\t<img loading=\"lazy\" decoding=\"async\" width=\"948\" height=\"1024\" src=\"https:\/\/lesulky.com\/wp-content\/uploads\/2023\/05\/338625241_510803954396100_3019708459508452401_n-1-948x1024.webp\" class=\"attachment-large size-large wp-image-2271\" alt=\"cocktail\" srcset=\"https:\/\/lesulky.com\/wp-content\/uploads\/2023\/05\/338625241_510803954396100_3019708459508452401_n-1-948x1024.webp 948w, https:\/\/lesulky.com\/wp-content\/uploads\/2023\/05\/338625241_510803954396100_3019708459508452401_n-1-278x300.webp 278w, https:\/\/lesulky.com\/wp-content\/uploads\/2023\/05\/338625241_510803954396100_3019708459508452401_n-1-768x830.webp 768w, https:\/\/lesulky.com\/wp-content\/uploads\/2023\/05\/338625241_510803954396100_3019708459508452401_n-1-1422x1536.webp 1422w, https:\/\/lesulky.com\/wp-content\/uploads\/2023\/05\/338625241_510803954396100_3019708459508452401_n-1.webp 1896w\" sizes=\"(max-width: 948px) 100vw, 948px\" \/>\t\t\t\t\t\t\t\t\t\t\t\t\t\t\t<\/div>\n\t\t\t\t<\/div>\n\t\t\t\t<\/div>\n\t\t\t\t\t<\/div>\n\t\t\t\t<\/div>\n\t\t<div class=\"elementor-element elementor-element-88936eb e-flex e-con-boxed e-con e-parent\" data-id=\"88936eb\" data-element_type=\"container\" data-e-type=\"container\" data-settings=\"{&quot;background_background&quot;:&quot;classic&quot;}\">\n\t\t\t\t\t<div class=\"e-con-inner\">\n\t\t\t\t<div class=\"elementor-element elementor-element-42aea48 elementor-align-center elementor-invisible elementor-widget elementor-widget-button\" data-id=\"42aea48\" data-element_type=\"widget\" data-e-type=\"widget\" data-settings=\"{&quot;_animation&quot;:&quot;fadeIn&quot;,&quot;_animation_delay&quot;:300}\" data-widget_type=\"button.default\">\n\t\t\t\t<div class=\"elementor-widget-container\">\n\t\t\t\t\t\t\t\t\t<div class=\"elementor-button-wrapper\">\n\t\t\t\t\t<a class=\"elementor-button elementor-button-link elementor-size-lg\" href=\"https:\/\/lesulky.com\/en\/\" retour=\"\">\n\t\t\t\t\t\t<span class=\"elementor-button-content-wrapper\">\n\t\t\t\t\t\t<span class=\"elementor-button-icon\">\n\t\t\t\t<svg xmlns=\"http:\/\/www.w3.org\/2000\/svg\" viewbox=\"0 0 60 56\"><path fill-rule=\"evenodd\" clip-rule=\"evenodd\" d=\"m35.515 2.048 23.357 23.357a3.67 3.67 0 0 1 0 5.19L35.515 53.952a3.67 3.67 0 1 1-5.19-5.19l17.09-17.092H0v-7.34h47.416L30.324 7.238a3.67 3.67 0 0 1 5.19-5.19Z\"><\/path><\/svg>\t\t\t<\/span>\n\t\t\t\t\t\t\t\t\t<span class=\"elementor-button-text\">Return to home<\/span>\n\t\t\t\t\t<\/span>\n\t\t\t\t\t<\/a>\n\t\t\t\t<\/div>\n\t\t\t\t\t\t\t\t<\/div>\n\t\t\t\t<\/div>\n\t\t\t\t\t<\/div>\n\t\t\t\t<\/div>\n\t\t\t\t<\/div>","protected":false},"excerpt":{"rendered":"<p>Le Sulky Bar \u00e0 \u00c9pinal c&rsquo;est &#8230; Dawn, Jeremy, Valentin, et Djordan vous accueillent du mercredi au dimanche avec le sourire et la bonne humeur dans un bar convivial \u00e0 \u00c9pinal. Que vous cherchiez un endroit pour boire un verre apr\u00e8s le boulot, partager un bon moment entre amis ou pour passer une bonne soir\u00e9e [&hellip;]<\/p>\n","protected":false},"author":1,"featured_media":0,"parent":0,"menu_order":0,"comment_status":"closed","ping_status":"closed","template":"","meta":{"site-sidebar-layout":"no-sidebar","site-content-layout":"page-builder","ast-site-content-layout":"","site-content-style":"default","site-sidebar-style":"default","ast-global-header-display":"","ast-banner-title-visibility":"","ast-main-header-display":"","ast-hfb-above-header-display":"","ast-hfb-below-header-display":"","ast-hfb-mobile-header-display":"","site-post-title":"disabled","ast-breadcrumbs-content":"","ast-featured-img":"disabled","footer-sml-layout":"","theme-transparent-header-meta":"","adv-header-id-meta":"","stick-header-meta":"","header-above-stick-meta":"","header-main-stick-meta":"","header-below-stick-meta":"","astra-migrate-meta-layouts":"default","ast-page-background-enabled":"default","ast-page-background-meta":{"desktop":{"background-color":"","background-image":"","background-repeat":"repeat","background-position":"center center","background-size":"auto","background-attachment":"scroll","background-type":"","background-media":"","overlay-type":"","overlay-color":"","overlay-opacity":"","overlay-gradient":""},"tablet":{"background-color":"","background-image":"","background-repeat":"repeat","background-position":"center center","background-size":"auto","background-attachment":"scroll","background-type":"","background-media":"","overlay-type":"","overlay-color":"","overlay-opacity":"","overlay-gradient":""},"mobile":{"background-color":"","background-image":"","background-repeat":"repeat","background-position":"center center","background-size":"auto","background-attachment":"scroll","background-type":"","background-media":"","overlay-type":"","overlay-color":"","overlay-opacity":"","overlay-gradient":""}},"ast-content-background-meta":{"desktop":{"background-color":"var(--ast-global-color-5)","background-image":"","background-repeat":"repeat","background-position":"center center","background-size":"auto","background-attachment":"scroll","background-type":"","background-media":"","overlay-type":"","overlay-color":"","overlay-opacity":"","overlay-gradient":""},"tablet":{"background-color":"var(--ast-global-color-5)","background-image":"","background-repeat":"repeat","background-position":"center center","background-size":"auto","background-attachment":"scroll","background-type":"","background-media":"","overlay-type":"","overlay-color":"","overlay-opacity":"","overlay-gradient":""},"mobile":{"background-color":"var(--ast-global-color-5)","background-image":"","background-repeat":"repeat","background-position":"center center","background-size":"auto","background-attachment":"scroll","background-type":"","background-media":"","overlay-type":"","overlay-color":"","overlay-opacity":"","overlay-gradient":""}},"footnotes":""},"class_list":["post-1772","page","type-page","status-publish","hentry"],"yoast_head":"<!-- This site is optimized with the Yoast SEO plugin v27.4 - https:\/\/yoast.com\/product\/yoast-seo-wordpress\/ -->\n<title>Bar convivial \u00e0 \u00c9pinal - LE SULKY<\/title>\n<meta name=\"description\" content=\"D\u00e9couvrez l&#039;histoire et les valeurs qui font de notre bar \u00e0 \u00c9pinal un lieu convivial et chaleureux. Bi\u00e8res, vins et cocktails!\" \/>\n<meta name=\"robots\" content=\"index, follow, max-snippet:-1, max-image-preview:large, max-video-preview:-1\" \/>\n<link rel=\"canonical\" href=\"https:\/\/lesulky.com\/en\/bar-convivial-epinal\/\" \/>\n<meta property=\"og:locale\" content=\"en_GB\" \/>\n<meta property=\"og:type\" content=\"article\" \/>\n<meta property=\"og:title\" content=\"Bar convivial \u00e0 \u00c9pinal - LE SULKY\" \/>\n<meta property=\"og:description\" content=\"D\u00e9couvrez l&#039;histoire et les valeurs qui font de notre bar \u00e0 \u00c9pinal un lieu convivial et chaleureux. Bi\u00e8res, vins et cocktails!\" \/>\n<meta property=\"og:url\" content=\"https:\/\/lesulky.com\/en\/bar-convivial-epinal\/\" \/>\n<meta property=\"og:site_name\" content=\"LE SULKY\" \/>\n<meta property=\"article:publisher\" content=\"https:\/\/www.facebook.com\/profile.php?id=100075960371927\" \/>\n<meta property=\"article:modified_time\" content=\"2023-10-24T07:14:49+00:00\" \/>\n<meta property=\"og:image\" content=\"https:\/\/lesulky.com\/wp-content\/uploads\/2023\/04\/Le-sulky-about-us-768x432.jpeg\" \/>\n<meta name=\"twitter:card\" content=\"summary_large_image\" \/>\n<meta name=\"twitter:label1\" content=\"Estimated reading time\" \/>\n\t<meta name=\"twitter:data1\" content=\"2 minutes\" \/>\n<script type=\"application\/ld+json\" class=\"yoast-schema-graph\">{\"@context\":\"https:\\\/\\\/schema.org\",\"@graph\":[{\"@type\":\"WebPage\",\"@id\":\"https:\\\/\\\/lesulky.com\\\/bar-convivial-epinal\\\/\",\"url\":\"https:\\\/\\\/lesulky.com\\\/bar-convivial-epinal\\\/\",\"name\":\"Bar convivial \u00e0 \u00c9pinal - LE SULKY\",\"isPartOf\":{\"@id\":\"https:\\\/\\\/lesulky.com\\\/#website\"},\"primaryImageOfPage\":{\"@id\":\"https:\\\/\\\/lesulky.com\\\/bar-convivial-epinal\\\/#primaryimage\"},\"image\":{\"@id\":\"https:\\\/\\\/lesulky.com\\\/bar-convivial-epinal\\\/#primaryimage\"},\"thumbnailUrl\":\"https:\\\/\\\/lesulky.com\\\/wp-content\\\/uploads\\\/2023\\\/04\\\/Le-sulky-about-us-768x432.jpeg\",\"datePublished\":\"2023-04-23T10:26:59+00:00\",\"dateModified\":\"2023-10-24T07:14:49+00:00\",\"description\":\"D\u00e9couvrez l'histoire et les valeurs qui font de notre bar \u00e0 \u00c9pinal un lieu convivial et chaleureux. Bi\u00e8res, vins et cocktails!\",\"breadcrumb\":{\"@id\":\"https:\\\/\\\/lesulky.com\\\/bar-convivial-epinal\\\/#breadcrumb\"},\"inLanguage\":\"en-GB\",\"potentialAction\":[{\"@type\":\"ReadAction\",\"target\":[\"https:\\\/\\\/lesulky.com\\\/bar-convivial-epinal\\\/\"]}]},{\"@type\":\"ImageObject\",\"inLanguage\":\"en-GB\",\"@id\":\"https:\\\/\\\/lesulky.com\\\/bar-convivial-epinal\\\/#primaryimage\",\"url\":\"https:\\\/\\\/lesulky.com\\\/wp-content\\\/uploads\\\/2023\\\/04\\\/Le-sulky-about-us-768x432.jpeg\",\"contentUrl\":\"https:\\\/\\\/lesulky.com\\\/wp-content\\\/uploads\\\/2023\\\/04\\\/Le-sulky-about-us-768x432.jpeg\"},{\"@type\":\"BreadcrumbList\",\"@id\":\"https:\\\/\\\/lesulky.com\\\/bar-convivial-epinal\\\/#breadcrumb\",\"itemListElement\":[{\"@type\":\"ListItem\",\"position\":1,\"name\":\"Home\",\"item\":\"https:\\\/\\\/lesulky.com\\\/\"},{\"@type\":\"ListItem\",\"position\":2,\"name\":\"About us\"}]},{\"@type\":\"WebSite\",\"@id\":\"https:\\\/\\\/lesulky.com\\\/#website\",\"url\":\"https:\\\/\\\/lesulky.com\\\/\",\"name\":\"Le Sulky Bar\",\"description\":\"Bar \u00e0 \u00c9pinal\",\"publisher\":{\"@id\":\"https:\\\/\\\/lesulky.com\\\/#organization\"},\"alternateName\":\"Sulky\",\"potentialAction\":[{\"@type\":\"SearchAction\",\"target\":{\"@type\":\"EntryPoint\",\"urlTemplate\":\"https:\\\/\\\/lesulky.com\\\/?s={search_term_string}\"},\"query-input\":{\"@type\":\"PropertyValueSpecification\",\"valueRequired\":true,\"valueName\":\"search_term_string\"}}],\"inLanguage\":\"en-GB\"},{\"@type\":\"Organization\",\"@id\":\"https:\\\/\\\/lesulky.com\\\/#organization\",\"name\":\"Le Sulky Bar\",\"url\":\"https:\\\/\\\/lesulky.com\\\/\",\"logo\":{\"@type\":\"ImageObject\",\"inLanguage\":\"en-GB\",\"@id\":\"https:\\\/\\\/lesulky.com\\\/#\\\/schema\\\/logo\\\/image\\\/\",\"url\":\"https:\\\/\\\/lesulky.com\\\/wp-content\\\/uploads\\\/2023\\\/04\\\/beer-glass-1.svg\",\"contentUrl\":\"https:\\\/\\\/lesulky.com\\\/wp-content\\\/uploads\\\/2023\\\/04\\\/beer-glass-1.svg\",\"width\":64,\"height\":64,\"caption\":\"Le Sulky Bar\"},\"image\":{\"@id\":\"https:\\\/\\\/lesulky.com\\\/#\\\/schema\\\/logo\\\/image\\\/\"},\"sameAs\":[\"https:\\\/\\\/www.facebook.com\\\/profile.php?id=100075960371927\"]}]}<\/script>\n<!-- \/ Yoast SEO plugin. -->","yoast_head_json":{"title":"Bar convivial \u00e0 \u00c9pinal - LE SULKY","description":"D\u00e9couvrez l'histoire et les valeurs qui font de notre bar \u00e0 \u00c9pinal un lieu convivial et chaleureux. Bi\u00e8res, vins et cocktails!","robots":{"index":"index","follow":"follow","max-snippet":"max-snippet:-1","max-image-preview":"max-image-preview:large","max-video-preview":"max-video-preview:-1"},"canonical":"https:\/\/lesulky.com\/en\/bar-convivial-epinal\/","og_locale":"en_GB","og_type":"article","og_title":"Bar convivial \u00e0 \u00c9pinal - LE SULKY","og_description":"D\u00e9couvrez l'histoire et les valeurs qui font de notre bar \u00e0 \u00c9pinal un lieu convivial et chaleureux. Bi\u00e8res, vins et cocktails!","og_url":"https:\/\/lesulky.com\/en\/bar-convivial-epinal\/","og_site_name":"LE SULKY","article_publisher":"https:\/\/www.facebook.com\/profile.php?id=100075960371927","article_modified_time":"2023-10-24T07:14:49+00:00","og_image":[{"url":"https:\/\/lesulky.com\/wp-content\/uploads\/2023\/04\/Le-sulky-about-us-768x432.jpeg","type":"","width":"","height":""}],"twitter_card":"summary_large_image","twitter_misc":{"Estimated reading time":"2 minutes"},"schema":{"@context":"https:\/\/schema.org","@graph":[{"@type":"WebPage","@id":"https:\/\/lesulky.com\/bar-convivial-epinal\/","url":"https:\/\/lesulky.com\/bar-convivial-epinal\/","name":"Bar convivial \u00e0 \u00c9pinal - LE SULKY","isPartOf":{"@id":"https:\/\/lesulky.com\/#website"},"primaryImageOfPage":{"@id":"https:\/\/lesulky.com\/bar-convivial-epinal\/#primaryimage"},"image":{"@id":"https:\/\/lesulky.com\/bar-convivial-epinal\/#primaryimage"},"thumbnailUrl":"https:\/\/lesulky.com\/wp-content\/uploads\/2023\/04\/Le-sulky-about-us-768x432.jpeg","datePublished":"2023-04-23T10:26:59+00:00","dateModified":"2023-10-24T07:14:49+00:00","description":"D\u00e9couvrez l'histoire et les valeurs qui font de notre bar \u00e0 \u00c9pinal un lieu convivial et chaleureux. Bi\u00e8res, vins et cocktails!","breadcrumb":{"@id":"https:\/\/lesulky.com\/bar-convivial-epinal\/#breadcrumb"},"inLanguage":"en-GB","potentialAction":[{"@type":"ReadAction","target":["https:\/\/lesulky.com\/bar-convivial-epinal\/"]}]},{"@type":"ImageObject","inLanguage":"en-GB","@id":"https:\/\/lesulky.com\/bar-convivial-epinal\/#primaryimage","url":"https:\/\/lesulky.com\/wp-content\/uploads\/2023\/04\/Le-sulky-about-us-768x432.jpeg","contentUrl":"https:\/\/lesulky.com\/wp-content\/uploads\/2023\/04\/Le-sulky-about-us-768x432.jpeg"},{"@type":"BreadcrumbList","@id":"https:\/\/lesulky.com\/bar-convivial-epinal\/#breadcrumb","itemListElement":[{"@type":"ListItem","position":1,"name":"Home","item":"https:\/\/lesulky.com\/"},{"@type":"ListItem","position":2,"name":"About us"}]},{"@type":"WebSite","@id":"https:\/\/lesulky.com\/#website","url":"https:\/\/lesulky.com\/","name":"Le Sulky Bar","description":"Bar in Epinal","publisher":{"@id":"https:\/\/lesulky.com\/#organization"},"alternateName":"Sulky","potentialAction":[{"@type":"SearchAction","target":{"@type":"EntryPoint","urlTemplate":"https:\/\/lesulky.com\/?s={search_term_string}"},"query-input":{"@type":"PropertyValueSpecification","valueRequired":true,"valueName":"search_term_string"}}],"inLanguage":"en-GB"},{"@type":"Organization","@id":"https:\/\/lesulky.com\/#organization","name":"Le Sulky Bar","url":"https:\/\/lesulky.com\/","logo":{"@type":"ImageObject","inLanguage":"en-GB","@id":"https:\/\/lesulky.com\/#\/schema\/logo\/image\/","url":"https:\/\/lesulky.com\/wp-content\/uploads\/2023\/04\/beer-glass-1.svg","contentUrl":"https:\/\/lesulky.com\/wp-content\/uploads\/2023\/04\/beer-glass-1.svg","width":64,"height":64,"caption":"Le Sulky Bar"},"image":{"@id":"https:\/\/lesulky.com\/#\/schema\/logo\/image\/"},"sameAs":["https:\/\/www.facebook.com\/profile.php?id=100075960371927"]}]}},"_links":{"self":[{"href":"https:\/\/lesulky.com\/en\/wp-json\/wp\/v2\/pages\/1772","targetHints":{"allow":["GET"]}}],"collection":[{"href":"https:\/\/lesulky.com\/en\/wp-json\/wp\/v2\/pages"}],"about":[{"href":"https:\/\/lesulky.com\/en\/wp-json\/wp\/v2\/types\/page"}],"author":[{"embeddable":true,"href":"https:\/\/lesulky.com\/en\/wp-json\/wp\/v2\/users\/1"}],"replies":[{"embeddable":true,"href":"https:\/\/lesulky.com\/en\/wp-json\/wp\/v2\/comments?post=1772"}],"version-history":[{"count":16,"href":"https:\/\/lesulky.com\/en\/wp-json\/wp\/v2\/pages\/1772\/revisions"}],"predecessor-version":[{"id":2376,"href":"https:\/\/lesulky.com\/en\/wp-json\/wp\/v2\/pages\/1772\/revisions\/2376"}],"wp:attachment":[{"href":"https:\/\/lesulky.com\/en\/wp-json\/wp\/v2\/media?parent=1772"}],"curies":[{"name":"wp","href":"https:\/\/api.w.org\/{rel}","templated":true}]}}